{"id":5304,"date":"2022-05-28T19:20:54","date_gmt":"2022-05-28T17:20:54","guid":{"rendered":"https:\/\/tonellidesign.it\/\/designers\/vicari-e-gonzo\/"},"modified":"2022-09-27T11:11:11","modified_gmt":"2022-09-27T09:11:11","slug":"vicari-e-gonzo","status":"publish","type":"page","link":"https:\/\/tonellidesign.it\/en\/designers\/vicari-e-gonzo\/","title":{"rendered":"Gonzo &#038; Vicari"},"content":{"rendered":"[vc_row type=&#8221;in_container&#8221; full_screen_row_position=&#8221;middle&#8221; column_margin=&#8221;default&#8221; column_direction=&#8221;default&#8221; column_direction_tablet=&#8221;default&#8221; column_direction_phone=&#8221;default&#8221; scene_position=&#8221;center&#8221; top_margin=&#8221;100px&#8221; top_margin_phone=&#8221;0px&#8221; text_color=&#8221;dark&#8221; text_align=&#8221;left&#8221; row_border_radius=&#8221;none&#8221; row_border_radius_applies=&#8221;bg&#8221; overflow=&#8221;visible&#8221; advanced_gradient_angle=&#8221;0&#8243; overlay_strength=&#8221;0.3&#8243; gradient_direction=&#8221;left_to_right&#8221; shape_divider_position=&#8221;bottom&#8221; bg_image_animation=&#8221;none&#8221; gradient_type=&#8221;default&#8221; shape_type=&#8221;&#8221;][vc_column column_padding=&#8221;no-extra-padding&#8221; column_padding_tablet=&#8221;inherit&#8221; column_padding_phone=&#8221;inherit&#8221; column_padding_position=&#8221;all&#8221; column_element_spacing=&#8221;default&#8221; background_color_opacity=&#8221;1&#8243; background_hover_color_opacity=&#8221;1&#8243; column_shadow=&#8221;none&#8221; column_border_radius=&#8221;none&#8221; column_link_target=&#8221;_self&#8221; column_position=&#8221;default&#8221; gradient_direction=&#8221;left_to_right&#8221; overlay_strength=&#8221;0.3&#8243; width=&#8221;1\/1&#8243; tablet_width_inherit=&#8221;default&#8221; tablet_text_alignment=&#8221;default&#8221; phone_text_alignment=&#8221;default&#8221; animation_type=&#8221;default&#8221; bg_image_animation=&#8221;none&#8221; border_type=&#8221;simple&#8221; column_border_width=&#8221;none&#8221; column_border_style=&#8221;solid&#8221;][vc_column_text]\n<h6><a class=\"buttonCTA2\" style=\"font-size: 16px;\" href=\"\/en\/designers\/\"> Back to all designers <\/a><\/h6>\n[\/vc_column_text][\/vc_column][\/vc_row][vc_row type=&#8221;in_container&#8221; full_screen_row_position=&#8221;middle&#8221; column_margin=&#8221;90px&#8221; column_direction=&#8221;default&#8221; column_direction_tablet=&#8221;default&#8221; column_direction_phone=&#8221;default&#8221; scene_position=&#8221;center&#8221; text_color=&#8221;dark&#8221; text_align=&#8221;left&#8221; row_border_radius=&#8221;none&#8221; row_border_radius_applies=&#8221;bg&#8221; overflow=&#8221;visible&#8221; advanced_gradient_angle=&#8221;0&#8243; overlay_strength=&#8221;0.3&#8243; gradient_direction=&#8221;left_to_right&#8221; shape_divider_position=&#8221;bottom&#8221; bg_image_animation=&#8221;none&#8221; gradient_type=&#8221;default&#8221; shape_type=&#8221;&#8221;][vc_column column_padding=&#8221;no-extra-padding&#8221; column_padding_tablet=&#8221;inherit&#8221; column_padding_phone=&#8221;inherit&#8221; column_padding_position=&#8221;all&#8221; column_element_spacing=&#8221;default&#8221; background_color_opacity=&#8221;1&#8243; background_hover_color_opacity=&#8221;1&#8243; column_shadow=&#8221;none&#8221; column_border_radius=&#8221;none&#8221; column_link_target=&#8221;_self&#8221; column_position=&#8221;default&#8221; gradient_direction=&#8221;left_to_right&#8221; overlay_strength=&#8221;0.3&#8243; width=&#8221;1\/2&#8243; tablet_width_inherit=&#8221;default&#8221; tablet_text_alignment=&#8221;default&#8221; phone_text_alignment=&#8221;default&#8221; animation_type=&#8221;default&#8221; bg_image_animation=&#8221;none&#8221; border_type=&#8221;simple&#8221; column_border_width=&#8221;none&#8221; column_border_style=&#8221;solid&#8221;][nectar_highlighted_text color_type=&#8221;regular&#8221; style=&#8221;full_text&#8221; highlight_expansion=&#8221;default&#8221;]\n<h2 style=\"font-size: 48px;\">Gonzo &amp; Vicari<\/h2>\n[\/nectar_highlighted_text][image_with_animation image_url=&#8221;1354&#8243; image_size=&#8221;full&#8221; animation_type=&#8221;entrance&#8221; animation=&#8221;Fade In&#8221; hover_animation=&#8221;none&#8221; alignment=&#8221;&#8221; border_radius=&#8221;none&#8221; box_shadow=&#8221;none&#8221; image_loading=&#8221;lazy-load&#8221; max_width=&#8221;100%&#8221; max_width_mobile=&#8221;default&#8221; margin_bottom_phone=&#8221;0px&#8221; margin_top=&#8221;60px&#8221;][\/vc_column][vc_column column_padding=&#8221;padding-3-percent&#8221; column_padding_tablet=&#8221;inherit&#8221; column_padding_phone=&#8221;inherit&#8221; column_padding_position=&#8221;left-right&#8221; column_element_spacing=&#8221;default&#8221; background_color_opacity=&#8221;1&#8243; background_hover_color_opacity=&#8221;1&#8243; column_shadow=&#8221;none&#8221; column_border_radius=&#8221;none&#8221; column_link_target=&#8221;_self&#8221; column_position=&#8221;default&#8221; advanced_gradient_angle=&#8221;0&#8243; gradient_direction=&#8221;left_to_right&#8221; overlay_strength=&#8221;0.3&#8243; width=&#8221;1\/2&#8243; tablet_width_inherit=&#8221;default&#8221; tablet_text_alignment=&#8221;default&#8221; phone_text_alignment=&#8221;default&#8221; animation_type=&#8221;default&#8221; bg_image_animation=&#8221;none&#8221; border_type=&#8221;simple&#8221; column_border_width=&#8221;none&#8221; column_border_style=&#8221;solid&#8221; gradient_type=&#8221;default&#8221;][nectar_highlighted_text color_type=&#8221;regular&#8221; style=&#8221;full_text&#8221; highlight_expansion=&#8221;default&#8221;]\n<h3>Products designed by Gonzo &amp; Vicari for Tonelli:<\/h3>\n[\/nectar_highlighted_text][vc_column_text el_class=&#8221;prodottidesign&#8221;]<a href=\"\/en\/products\/bookcase-design-modern\/dazibao\/\">Dazibao<\/a><\/p>\n<p><a href=\"\/en\/products\/low-tables-lounge-living-room\/ti\/\">Ti<\/a><\/p>\n<p><a href=\"\/en\/products\/bed-side-tables-dressers-dressing-tables-glass\/zen\/\">Zen<\/a>[\/vc_column_text][divider line_type=&#8221;Full Width Line&#8221; line_thickness=&#8221;1&#8243; divider_color=&#8221;accent-color&#8221; custom_height=&#8221;50px&#8221;][nectar_highlighted_text color_type=&#8221;regular&#8221; style=&#8221;full_text&#8221; highlight_expansion=&#8221;default&#8221;]\n<h3>Bio<\/h3>\n[\/nectar_highlighted_text][vc_column_text css=&#8221;.vc_custom_1664269763194{margin-right: 50px !important;}&#8221;]Elisabetta Gonzo and Alessandro Vicari,\u00a0<strong>from 1992 till 2003<\/strong>, have shared the studio EG+AV Architects Associates.\u00a0<strong>Now they cooperate at distance<\/strong>:\u00a0<strong>Elisabetta in Milan with her Studio EG+,<\/strong>\u00a0she holds the chair of Design at the University Accademia di Belle Arti of Roma and has taught project at the Isitituto Europeo di Design.\u00a0<strong>Alessandro in Paris with the Studio +AV,\u00a0<\/strong>he teaches at the Ecole Sup\u00e9rieure d\u2019Art et Design in Orl\u00e9ans and at the Strate Coll\u00e8ge of S\u00e8vres.<\/p>\n<p><strong>Their works have seen the birth of public architecture<\/strong>, such us the Island Cemetery in Comacchio (Andil 2000 Award). They have invented products for several societies such us R.S.V.P. and Tonelli design.\u00a0<strong>Their path also takes into consideration the development of limited series for<\/strong>: Galleria Luisa delle Piane, Edizioni Fatto ad Arte, Edizioni Galleria Colombari, San Patrignano, Artcodif.<\/p>\n<p><strong>They have collaborated with the editing of Dictionnaire d\u2019Architecture Moderne et Contemporaine<\/strong>\u00a0(IFA-Hazan, 1996) and they have published their works on magazines and catalogues. Some of their projects are part of the permanent collection of the Mus\u00e9e des Arts D\u00e9coratifs in Paris.[\/vc_column_text][\/vc_column][\/vc_row]\n","protected":false},"excerpt":{"rendered":"<p>[vc_row type=&#8221;in_container&#8221; full_screen_row_position=&#8221;middle&#8221; column_margin=&#8221;default&#8221; column_direction=&#8221;default&#8221; column_direction_tablet=&#8221;default&#8221; column_direction_phone=&#8221;default&#8221; scene_position=&#8221;center&#8221; top_margin=&#8221;100px&#8221; top_margin_phone=&#8221;0px&#8221; text_color=&#8221;dark&#8221; text_align=&#8221;left&#8221; row_border_radius=&#8221;none&#8221; row_border_radius_applies=&#8221;bg&#8221; overflow=&#8221;visible&#8221; advanced_gradient_angle=&#8221;0&#8243; overlay_strength=&#8221;0.3&#8243; gradient_direction=&#8221;left_to_right&#8221; shape_divider_position=&#8221;bottom&#8221; bg_image_animation=&#8221;none&#8221; gradient_type=&#8221;default&#8221; shape_type=&#8221;&#8221;][vc_column column_padding=&#8221;no-extra-padding&#8221; column_padding_tablet=&#8221;inherit&#8221; column_padding_phone=&#8221;inherit&#8221; column_padding_position=&#8221;all&#8221; column_element_spacing=&#8221;default&#8221; background_color_opacity=&#8221;1&#8243; background_hover_color_opacity=&#8221;1&#8243; column_shadow=&#8221;none&#8221;&#8230;<\/p>\n","protected":false},"author":3,"featured_media":4514,"parent":5287,"menu_order":0,"comment_status":"closed","ping_status":"closed","template":"","meta":{"content-type":"","footnotes":""},"wf_page_folders":[56],"class_list":["post-5304","page","type-page","status-publish","has-post-thumbnail"],"_links":{"self":[{"href":"https:\/\/tonellidesign.it\/en\/wp-json\/wp\/v2\/pages\/5304","targetHints":{"allow":["GET"]}}],"collection":[{"href":"https:\/\/tonellidesign.it\/en\/wp-json\/wp\/v2\/pages"}],"about":[{"href":"https:\/\/tonellidesign.it\/en\/wp-json\/wp\/v2\/types\/page"}],"author":[{"embeddable":true,"href":"https:\/\/tonellidesign.it\/en\/wp-json\/wp\/v2\/users\/3"}],"replies":[{"embeddable":true,"href":"https:\/\/tonellidesign.it\/en\/wp-json\/wp\/v2\/comments?post=5304"}],"version-history":[{"count":3,"href":"https:\/\/tonellidesign.it\/en\/wp-json\/wp\/v2\/pages\/5304\/revisions"}],"predecessor-version":[{"id":6558,"href":"https:\/\/tonellidesign.it\/en\/wp-json\/wp\/v2\/pages\/5304\/revisions\/6558"}],"up":[{"embeddable":true,"href":"https:\/\/tonellidesign.it\/en\/wp-json\/wp\/v2\/pages\/5287"}],"wp:featuredmedia":[{"embeddable":true,"href":"https:\/\/tonellidesign.it\/en\/wp-json\/wp\/v2\/media\/4514"}],"wp:attachment":[{"href":"https:\/\/tonellidesign.it\/en\/wp-json\/wp\/v2\/media?parent=5304"}],"wp:term":[{"taxonomy":"wf_page_folders","embeddable":true,"href":"https:\/\/tonellidesign.it\/en\/wp-json\/wp\/v2\/wf_page_folders?post=5304"}],"curies":[{"name":"wp","href":"https:\/\/api.w.org\/{rel}","templated":true}]}}